{"id":542,"date":"2023-12-21T07:35:46","date_gmt":"2023-12-21T07:35:46","guid":{"rendered":"https:\/\/ghost.capobianco.world\/?page_id=542"},"modified":"2024-07-02T10:56:20","modified_gmt":"2024-07-02T08:56:20","slug":"shipping","status":"publish","type":"page","link":"https:\/\/capobianco.world\/it\/shipping\/","title":{"rendered":"Spedizioni e Resi"},"content":{"rendered":"<div data-elementor-type=\"wp-page\" data-elementor-id=\"542\" class=\"elementor elementor-542\" data-elementor-post-type=\"page\">\n\t\t\t\t<div class=\"elementor-element elementor-element-6f96d569 e-con-full e-flex e-con e-parent\" data-id=\"6f96d569\" data-element_type=\"container\" data-e-type=\"container\">\n\t\t\t\t<div class=\"elementor-element elementor-element-211dc15e elementor-widget elementor-widget-text-editor\" data-id=\"211dc15e\" data-element_type=\"widget\" data-e-type=\"widget\" data-widget_type=\"text-editor.default\">\n\t\t\t\t\t\t\t\t\t<p><\/p>\n<p><strong>Dati di spedizione<br \/><\/strong>Shipments are made by express courier DHL &#8211; UPS &#8211; FEDEX (standard shipping). As required by trad laws all Filologiko srl shipments are accompanied by a tax document that declares the value of the individual items in Euro. For items on sale, the fiscal document shows\u00a0 discounted amounts.<\/p>\n<p><\/p>\n<p><strong>Data di spedizione<br \/><\/strong>Tutti gli ordini vengono processati e spediti durante la settimana lavorativa dal luned\u00ec al venerd\u00ec eccetto i giorni di festivit\u00e0 pubbliche.<\/p>\n<p><\/p>\n<p><strong>Spese di spedizione<\/strong><br \/>Le spese di consegna, cosi come l\u2019IVA ed altre eventuali imposte sui trasferimenti nei casi in cui siano dovute, sono a carico del Cliente e vengono espresse chiaramente in fase d' Ordine. Nulla \u00e8 dovuto in pi\u00f9 dal Cliente rispetto al totale dell' Ordine evidenziato al termine della procedura d'acquisto, fatto salvo che gli eventuali oneri di sdoganamento delle merci restano comunque ad esclusivo carico del Cliente.<\/p>\n<p><\/p>\n<p>Italia e paesi U.E. : free<br \/>paesi fuori U.E. ed isole europee: \u20ac 25<\/p>\n<p>I tempi di consegna dei prodotti sono indicativamente i seguenti:<br \/>Italia 2 - 3 giorni<br \/>Europa 2 - 4 giorni<br \/>Altre destinazioni 5 - 10 giorni<\/p>\n<p><\/p>\n<p><strong><br \/>Resi<br \/><\/strong><strong>Diritto di recesso<br \/><\/strong>In accordo a quanto previsto dagli artt. 64 e ss. D. L.vo n. 206\/2005, il diritto di recesso consiste nella facolt\u00e0 del Cliente di liberarsi unilateralmente dal Contratto, restituendo i Prodotti acquistati con conseguente rimborso del Prezzo, senza penalit\u00e0 e senza specificazione del motivo.<\/p>\n<p><\/p>\n<p>Per esercitare il diritto di recesso occorre inviare una e-mail all' indirizzo info@capobianco.org entro 14 giorni dal ricevimento della merce, in risposta alla quale Filologiko srl provveder\u00e0 ad inviare al Cliente un apposito codice identificativo di reso. La restituzione dei Prodotti dovr\u00e0 avvenire tramite corriere espresso con possibilit\u00e0 di rintracciare la spedizione, le cui spese saranno integralmente a carico del Cliente. La spedizione, fino all'attestato di avvenuto ricevimento nel magazzino di Filologiko srl, \u00e8 sotto la completa responsabilit\u00e0 del Cliente.<\/p>\n<p><\/p>\n<p>I Prodotti resi devono essere spediti al seguente indirizzo:<\/p>\n<p><\/p>\n<p>Filologiko srl, Via Crema, 8\/n - CAP 24050 - Zanica - Bergamo - Tel +39 03567090<\/p>\n<p><\/p>\n<p>Perch\u00e9 il diritto di recesso sia validamente esercitato, \u00e8 necessario che i Prodotti acquistati siano restituiti integri, non utilizzati e mai indossati, nella loro confezione originale e con etichette originali non rimosse. L'imballaggio dei Prodotti deve essere accurato, al fine di salvaguardare gli involucri originali da danneggiamenti, apposizioni di scritte o etichette. Non saranno in ogni caso accettati resi sprovvisti dell\u2019apposito codice identificativo di reso.<\/p>\n<p><\/p>\n<p>L\u2019efficacia del recesso \u00e8 subordinata alla verifica delle condizioni dei Prodotti restituiti ed alla loro corrispondenza con quelli di cui all'Ordine ed al relativo modulo di reso da parte di Filologiko srl .<\/p>\n<p><\/p>\n<p><strong>Restituzione importo pagato<br \/><\/strong>Se il diritto di recesso \u00e8 stato validamente esercitato ai sensi delle precedenti disposizioni, Filologiko srl  provveder\u00e0 alla restituzione del prezzo corrisposto per l'acquisto, detratte tutte le spese di spedizione e trasporto, entro 15 giorni dal ricevimento dei prodotti resi. Il rimborso non comprende le spese di trasporto.<\/p>\n<p><\/p>\n<p><strong>Comunicazioni o reclami<br \/><\/strong>Per ogni comunicazione, informazione o reclamo relativi ad un ordine e alle presenti condizioni generali di vendita, il Cliente potr\u00e0 scrivere via email all' indirizzo info@capobianco.org.<\/p>\n<p><\/p>\t\t\t\t\t\t\t\t<\/div>\n\t\t\t\t<\/div>\n\t\t\t\t<\/div>","protected":false},"excerpt":{"rendered":"<p>Shipping detailsShipments are made by express courier DHL &#8211; UPS &#8211; FEDEX (standard shipping). As required by trad laws all Filologiko srl shipments are accompanied by a tax document that declares the value of the individual items in Euro. For items on sale, the fiscal document shows\u00a0 discounted amounts. Date of shipmentAll orders are processed [&hellip;]<\/p>\n","protected":false},"author":321,"featured_media":0,"parent":0,"menu_order":0,"comment_status":"closed","ping_status":"closed","template":"","meta":{"footnotes":""},"class_list":["post-542","page","type-page","status-publish","hentry"],"_links":{"self":[{"href":"https:\/\/capobianco.world\/it\/wp-json\/wp\/v2\/pages\/542","targetHints":{"allow":["GET"]}}],"collection":[{"href":"https:\/\/capobianco.world\/it\/wp-json\/wp\/v2\/pages"}],"about":[{"href":"https:\/\/capobianco.world\/it\/wp-json\/wp\/v2\/types\/page"}],"author":[{"embeddable":true,"href":"https:\/\/capobianco.world\/it\/wp-json\/wp\/v2\/users\/321"}],"replies":[{"embeddable":true,"href":"https:\/\/capobianco.world\/it\/wp-json\/wp\/v2\/comments?post=542"}],"version-history":[{"count":0,"href":"https:\/\/capobianco.world\/it\/wp-json\/wp\/v2\/pages\/542\/revisions"}],"wp:attachment":[{"href":"https:\/\/capobianco.world\/it\/wp-json\/wp\/v2\/media?parent=542"}],"curies":[{"name":"wp","href":"https:\/\/api.w.org\/{rel}","templated":true}]}}